{"id":6451,"date":"2023-07-16T15:17:11","date_gmt":"2023-07-16T13:17:11","guid":{"rendered":"http:\/\/www.plongee-gesma.com\/site\/?p=6451"},"modified":"2023-07-16T15:19:30","modified_gmt":"2023-07-16T13:19:30","slug":"presentation-du-club","status":"publish","type":"page","link":"http:\/\/www.plongee-gesma.com\/site\/presentation-du-club\/","title":{"rendered":"Pr\u00e9sentation du club"},"content":{"rendered":"<h2>PRESENTATION DU CLUB<\/h2>\n<p>Le Club<strong> \u2018\u2019 GESMA \u2018\u2019 (Groupe d&rsquo;exploration sous marine de l&rsquo;Angoumois)\u00a0 <\/strong>est un club associatif, loi 1901, cr\u00e9\u00e9 le 4 novembre.<br \/>\nIl regroupe environ 150 adh\u00e9rents chaque ann\u00e9e, de tous horizons socioculturels. Il est compos\u00e9 d\u2019adh\u00e9rents de tous \u00e2ges \u00e0 partir de 10 ans. L\u2019encadrement, dipl\u00f4m\u00e9 par la FFESSM repr\u00e9sente une quarantaine de personnes du club.<\/p>\n<p>Le Club<strong> \u2018\u2019 GESMA \u2018\u2019 <\/strong>est affili\u00e9 \u00e0 la F\u00e9d\u00e9ration Fran\u00e7aise d\u2019Etudes et de Sports Sous-marins sous le n\u00b0 02160007. Activit\u00e9 principale (APE) 93.12Z-Activit\u00e9s de clubs de sports. N\u00b0 RNA\u00a0: W161003047. N\u00b0 SIREN\u00a0: 485166656. N\u00b0 Siret (si\u00e8ge)\u00a0: 48516665600028.<\/p>\n<ul>\n<li>Dans la quinzaine suivant votre adh\u00e9sion, si vous \u00eates primo adh\u00e9rent, vous recevrez, par la poste, \u00e0 votre domicile, votre carte de licenci\u00e9 \u00e0 la FFESSM (Merci d\u2019informer le secr\u00e9tariat dans le cas contraire). Vous devrez conserver cette carte au format carte de cr\u00e9dit d\u2019une ann\u00e9e sur l\u2019autre. Votre licence est valable du 15 septembre de l\u2019ann\u00e9e en cours au 31 d\u00e9cembre de l\u2019ann\u00e9e suivante. Afin de conna\u00eetre un peu mieux votre f\u00e9d\u00e9ration, vous pouvez consulter le site de la FFESSM\u00a0: \u00ab\u00a0<u>https:\/\/ffessm.fr\/<\/u> \u00bb.<\/li>\n<li>Nota : L\u2019article L.231-2-1 du Code du Sport exige un certificat m\u00e9dical d\u2019absence de contre-indication (CACI) pour la d\u00e9livrance de la licence. L\u2019imprim\u00e9 f\u00e9d\u00e9ral est imprimable sur le site du club. (ainsi que les autres documents n\u00e9cessaires \u00e0 votre adh\u00e9sion)<\/li>\n<li>Vos dossiers administratifs, adh\u00e9sions, dipl\u00f4mes\u2026sont suivis par le Secr\u00e9taire du Club qui transmet les r\u00e8glements de cotisation au Tr\u00e9sorier. Les tarifs sont consultables sur le site. Une attestation de versement de cotisation peut vous \u00eatre d\u00e9livr\u00e9e sur simple demande aupr\u00e8s du secr\u00e9taire.<\/li>\n<\/ul>\n<p>&nbsp;<\/p>\n<h2>\u00a0\u00a0\u00a0\u00a0 ENCADREMENT DU CLUB<\/h2>\n<ul>\n<li>Moniteurs et Initiateurs :<\/li>\n<li>La liste de l\u2019encadrement avec dipl\u00f4me et photographie est visible au tableau d\u2019affichage du club, \u00e0 Nautilis et sur notre site internet.<\/li>\n<li>Le club est g\u00e9r\u00e9 par un Comit\u00e9 de Direction. Vous pouvez consulter la liste des membres et du bureau, ainsi que les comptes rendus du CODIR sur notre Site \u00e0 la rubrique \u00ab\u00a0Le club\u00a0\u00bb, onglet \u00ab\u00a0Comptes-Rendus Bureau\u00a0\u00bb.<\/li>\n<\/ul>\n<p>&nbsp;<\/p>\n<h2>\u00a0\u00a0\u00a0\u00a0 ACTIVITES DU CLUB<\/h2>\n<ul>\n<li>Le Club<strong> \u2018\u2019 GESMA \u2018\u2019 <\/strong>effectue ses entrainements et formations au Centre Aquatique de Nautilis aupr\u00e8s duquel il b\u00e9n\u00e9ficie d\u2019une convention annuelle lui octroyant 3 cr\u00e9neaux par semaine, hors vacances scolaires et jours f\u00e9ri\u00e9s:<\/li>\n<li>20h15 \u2013 22h15 les lundis et mercredis, du deuxi\u00e8me lundi de septembre au deuxi\u00e8me mercredi de juin. Toutes nos activit\u00e9s sont concern\u00e9es par ces deux cr\u00e9neaux.<\/li>\n<li>20h30 \u2013 22h15 les vendredis pendant la m\u00eame p\u00e9riode mais seulement pour de la nage, dans un bassin de 25 m\u00e8tres peu profond.<\/li>\n<li>A noter que pendant les vacances scolaires, des horaires sp\u00e9cifiques (voisins des cr\u00e9neaux habituels) sont communiqu\u00e9s (par mail et sur le site du club) aux adh\u00e9rents qui peuvent venir pratiquer uniquement la Nage. Il n\u2019y a pas de formation pendant ces p\u00e9riodes.<\/li>\n<li>Formations : Le club organise diff\u00e9rentes formations, de l\u2019initiation au monitorat, dans le cadre de la r\u00e9glementation f\u00e9d\u00e9rale et des textes en vigueur. Vous trouverez les pr\u00e9cisions n\u00e9cessaires sur notre site. L\u2019initiation (niveau 1) et les formations niveau 2 et niveau 3 sont g\u00e9n\u00e9ralement valid\u00e9es en mai-juin. A partir de la formation niveau 4, le Comit\u00e9 D\u00e9partemental et le Comit\u00e9 R\u00e9gional sont impliqu\u00e9s.<\/li>\n<li>D\u2019autres formations sp\u00e9cifiques (Nage avec Palmes, Apn\u00e9e, Photo-Vid\u00e9o, Biologie marine, Plong\u00e9e Sportive en Piscine, Plong\u00e9e Souterraine, &#8230;) sont organis\u00e9es au niveau du club par nos moniteurs et\/ou nos commissions, voire notre Comit\u00e9 D\u00e9partemental\/R\u00e9gional\u00a0: consultez le site du club.<\/li>\n<li>Sorties plong\u00e9es :<\/li>\n<li>Les formations annuelles trouvent leur aboutissement (niveaux 1 \u00e0 3) lors d\u2019un stage de validation organis\u00e9 g\u00e9n\u00e9ralement en mai-juin \u00e0 Hendaye (localisation de la base F\u00e9d\u00e9rale Nouvelle Aquitaine).<\/li>\n<li>Outre ces sorties techniques, le club, par le biais de sa Commission Loisirs organise \u00e9galement des sorties loisirs en France et \u00e9galement \u00e0 l\u2019\u00e9tranger. Ces sorties sont communiqu\u00e9es en avance par la commission.<\/li>\n<li>Au-del\u00e0 de la plong\u00e9e en scaphandre, des sorties \u00e0 but comp\u00e9titif ou non sont \u00e9galement organis\u00e9es par les diff\u00e9rentes activit\u00e9s du club.<\/li>\n<li>Les sorties plong\u00e9es sont organis\u00e9es par un Directeur de Plong\u00e9e d\u00fbment habilit\u00e9, participant \u00e0 cette sortie (inscriptions, r\u00e8glements, transport\u2026).<\/li>\n<\/ul>\n<h2>\u00a0\u00a0\u00a0\u00a0\u00a0 EQUIPEMENT DES NOUVEAUX ADHERENTS<\/h2>\n<ul>\n<li>L\u2019\u00e9quipement minimum est le suivant :\n<ul>\n<li>Une paire de palmes<\/li>\n<li>Un tuba<\/li>\n<li>Un masque<\/li>\n<\/ul>\n<\/li>\n<\/ul>\n<p>Le club fournit tout l\u2019\u00e9quipement n\u00e9cessaire (except\u00e9 le tuba) mais nous vous conseillons n\u00e9anmoins , si vous le pouvez de vous \u00e9quiper de votre propre masque et de vos propres palmes.<\/p>\n<p>L\u2019encadrement est \u00e0 votre disposition, d\u00e8s la premi\u00e8re s\u00e9ance pour vous conseiller avant l\u2019acquisition de ces mat\u00e9riels.<\/p>\n<ul>\n<li>Les autres mat\u00e9riels sp\u00e9cifiques, n\u00e9cessaires \u00e0 l\u2019apprentissage de la plong\u00e9e sont mis \u00e0 disposition gracieusement par le club.<\/li>\n<\/ul>\n<h2>\u00a0\u00a0\u00a0\u00a0\u00a0 DOCUMENTS<\/h2>\n<ul>\n<li>Outre les documents demand\u00e9s lors de votre inscription, il vous sera offert avec votre formation Niveau 1\u00a0:\n<ul>\n<li>Un fascicule d\u2019information sur les r\u00e8glements, les pr\u00e9rogatives et les \u00e9l\u00e9ments essentiels de s\u00e9curit\u00e9 concernant les niveaux 1\u00a0;<\/li>\n<li>Un carnet de plong\u00e9e sur lequel vous devrez noter et faire valider par un moniteur toutes vos plong\u00e9es.<\/li>\n<\/ul>\n<\/li>\n<\/ul>\n<h2>\u00a0\u00a0\u00a0\u00a0\u00a0 EVENEMENTS FESTIFS<\/h2>\n<ul>\n<li>Un certain nombre d\u2019\u00e9v\u00e8nements sont traditionnellement organis\u00e9s :<\/li>\n<li>Soir\u00e9e festive pour la galette des rois en janvier<\/li>\n<li>Repas de fin de saison en juin<\/li>\n<li>Pots occasionnels<\/li>\n<li>Repas \u00e0 l\u2019issue de l\u2019Assembl\u00e9e G\u00e9n\u00e9rale<\/li>\n<\/ul>\n<h2>\u00a0\u00a0\u00a0\u00a0\u00a0 SITE DU CLUB<\/h2>\n<ul>\n<li>Le club dispose d\u2019un site internet, mis \u00e0 jour r\u00e9guli\u00e8rement sur lequel est regroup\u00e9 un nombre important d\u2019informations\u00a0: agenda du club, tarifs, sorties, informations ponctuelles\u2026.<\/li>\n<\/ul>\n<p>Vous y trouverez \u00e9galement le <strong>r\u00e8glement int\u00e9rieur du club<\/strong> ainsi que les diff\u00e9rentes <strong>chartes<\/strong> <strong>qui r\u00e9gissent l\u2019ensemble de nos activit\u00e9s.<\/strong><\/p>\n<ul>\n<li>De plus , chaque fin de mois vous recevrez par mail le sommaire de \u00ab\u00a0GESMA News\u00a0\u00bb, la newsletter du club avec le lien pour y acc\u00e9der directement sur le site. Elle reprend les faits marquants du mois \u00e9coul\u00e9 et vous informe sur les \u00e9v\u00e8nements du mois \u00e0 venir. Nous comptons sur tout le monde pour nous aider \u00e0 la faire vivre.<\/li>\n<\/ul>\n<h2>\u00a0\u00a0\u00a0\u00a0\u00a0 PARTICIPATION DES ADHERENTS<\/h2>\n<ul>\n<li>Notre association est un club associatif. Les moniteurs et dirigeants sont donc des b\u00e9n\u00e9voles. Par cons\u00e9quent, il est indispensable que chacun des adh\u00e9rents se sente investi par une participation active \u00e0 tous les stades de nos activit\u00e9s, en particulier pour :<\/li>\n<li>Le d\u00e9ploiement et le rangement du mat\u00e9riel collectif et individuel mis \u00e0 disposition \u00e0 chaque s\u00e9ance d\u2019entrainement (ligne d\u2019eau, d\u00e9tendeurs, bouteilles, stabs, palmes, \u2026)\u00a0;<\/li>\n<li>La participation aux commissions et\/ou activit\u00e9s qui les int\u00e9ressent\u00a0;<\/li>\n<li>Les adh\u00e9rents peuvent, avec le temps, participer \u00e0 l\u2019administration du club en se pr\u00e9sentant au Comit\u00e9 Directeur, renouvel\u00e9 tous les quatre ans, lors de l\u2019Assembl\u00e9e G\u00e9n\u00e9rale qui se tient g\u00e9n\u00e9ralement en novembre.<\/li>\n<\/ul>\n<h2>\u00a0\u00a0\u00a0\u00a0\u00a0 ASSURANCE INDIVIDUELLE ACCIDENT (A.I.A)<\/h2>\n<ul>\n<li>Cette assurance compl\u00e9mentaire assure une couverture en cas d\u2019accident sans tiers responsable. Elle comprend 3 niveaux de protection de l\u2019assur\u00e9\u00a0: Loisir 1 (niveau minimal), Loisir 2 et Loisir 3. Le montant de votre adh\u00e9sion au club int\u00e8gre le niveau Loisir 1, mais vous pouvez, en rajoutant un montant suppl\u00e9mentaire opter pour Loisir 2 ou Loisir 3.<\/li>\n<li>Le Code du Sport nous oblige \u00e0 informer les adh\u00e9rents de leur int\u00e9r\u00eat \u00e0 souscrire un contrat d\u2019assurance couvrant les dommages corporels auxquels peut les exposer leur pratique sportive (Article L.231-4 du Code Du Sport). Vous trouverez les diff\u00e9rents niveaux d\u2019assurance et tarifs sur la fiche d\u2019inscription. Toute demande d\u2019information compl\u00e9mentaire peut vous \u00eatre fournie par le Secr\u00e9taire du club.<\/li>\n<\/ul>\n<p>&nbsp;<\/p>\n<h2>Les dirigeants et l\u2019encadrement technique vous souhaitent de prendre beaucoup de plaisir \u00e0 pratiquer cette activit\u00e9 riche, ludique et sportive.<\/h2>\n","protected":false},"excerpt":{"rendered":"<p>PRESENTATION DU CLUB Le Club \u2018\u2019 GESMA \u2018\u2019 (Groupe d&rsquo;exploration sous marine de l&rsquo;Angoumois)\u00a0 est un club associatif, loi 1901, cr\u00e9\u00e9 le 4 novembre. Il regroupe environ 150 adh\u00e9rents chaque ann\u00e9e, de tous horizons socioculturels. Il est compos\u00e9 d\u2019adh\u00e9rents de tous \u00e2ges \u00e0 partir de 10 ans. L\u2019encadrement, dipl\u00f4m\u00e9 par la FFESSM repr\u00e9sente une quarantaine [&hellip;]<\/p>\n","protected":false},"author":1,"featured_media":0,"parent":0,"menu_order":0,"comment_status":"closed","ping_status":"open","template":"","meta":{"ocean_post_layout":"","ocean_both_sidebars_style":"","ocean_both_sidebars_content_width":0,"ocean_both_sidebars_sidebars_width":0,"ocean_sidebar":"0","ocean_second_sidebar":"0","ocean_disable_margins":"enable","ocean_add_body_class":"","ocean_shortcode_before_top_bar":"","ocean_shortcode_after_top_bar":"","ocean_shortcode_before_header":"","ocean_shortcode_after_header":"","ocean_has_shortcode":"","ocean_shortcode_after_title":"","ocean_shortcode_before_footer_widgets":"","ocean_shortcode_after_footer_widgets":"","ocean_shortcode_before_footer_bottom":"","ocean_shortcode_after_footer_bottom":"","ocean_display_top_bar":"default","ocean_display_header":"default","ocean_header_style":"","ocean_center_header_left_menu":"0","ocean_custom_header_template":"0","ocean_custom_logo":0,"ocean_custom_retina_logo":0,"ocean_custom_logo_max_width":0,"ocean_custom_logo_tablet_max_width":0,"ocean_custom_logo_mobile_max_width":0,"ocean_custom_logo_max_height":0,"ocean_custom_logo_tablet_max_height":0,"ocean_custom_logo_mobile_max_height":0,"ocean_header_custom_menu":"0","ocean_menu_typo_font_family":"0","ocean_menu_typo_font_subset":"","ocean_menu_typo_font_size":0,"ocean_menu_typo_font_size_tablet":0,"ocean_menu_typo_font_size_mobile":0,"ocean_menu_typo_font_size_unit":"px","ocean_menu_typo_font_weight":"","ocean_menu_typo_font_weight_tablet":"","ocean_menu_typo_font_weight_mobile":"","ocean_menu_typo_transform":"","ocean_menu_typo_transform_tablet":"","ocean_menu_typo_transform_mobile":"","ocean_menu_typo_line_height":0,"ocean_menu_typo_line_height_tablet":0,"ocean_menu_typo_line_height_mobile":0,"ocean_menu_typo_line_height_unit":"","ocean_menu_typo_spacing":0,"ocean_menu_typo_spacing_tablet":0,"ocean_menu_typo_spacing_mobile":0,"ocean_menu_typo_spacing_unit":"","ocean_menu_link_color":"","ocean_menu_link_color_hover":"","ocean_menu_link_color_active":"","ocean_menu_link_background":"","ocean_menu_link_hover_background":"","ocean_menu_link_active_background":"","ocean_menu_social_links_bg":"","ocean_menu_social_hover_links_bg":"","ocean_menu_social_links_color":"","ocean_menu_social_hover_links_color":"","ocean_disable_title":"default","ocean_disable_heading":"default","ocean_post_title":"","ocean_post_subheading":"","ocean_post_title_style":"","ocean_post_title_background_color":"","ocean_post_title_background":0,"ocean_post_title_bg_image_position":"","ocean_post_title_bg_image_attachment":"","ocean_post_title_bg_image_repeat":"","ocean_post_title_bg_image_size":"","ocean_post_title_height":0,"ocean_post_title_bg_overlay":0.5,"ocean_post_title_bg_overlay_color":"","ocean_disable_breadcrumbs":"on","ocean_breadcrumbs_color":"#ff9800","ocean_breadcrumbs_separator_color":"#e91e63","ocean_breadcrumbs_links_color":"#0003e0","ocean_breadcrumbs_links_hover_color":"#ff0004","ocean_display_footer_widgets":"default","ocean_display_footer_bottom":"default","ocean_custom_footer_template":"0","jetpack_post_was_ever_published":false,"footnotes":""},"categories":[27],"tags":[],"class_list":["post-6451","page","type-page","status-publish","hentry","category-le-club","entry"],"jetpack_shortlink":"https:\/\/wp.me\/PaxHzL-1G3","jetpack_likes_enabled":true,"jetpack_sharing_enabled":true,"_links":{"self":[{"href":"http:\/\/www.plongee-gesma.com\/site\/wp-json\/wp\/v2\/pages\/6451","targetHints":{"allow":["GET"]}}],"collection":[{"href":"http:\/\/www.plongee-gesma.com\/site\/wp-json\/wp\/v2\/pages"}],"about":[{"href":"http:\/\/www.plongee-gesma.com\/site\/wp-json\/wp\/v2\/types\/page"}],"author":[{"embeddable":true,"href":"http:\/\/www.plongee-gesma.com\/site\/wp-json\/wp\/v2\/users\/1"}],"replies":[{"embeddable":true,"href":"http:\/\/www.plongee-gesma.com\/site\/wp-json\/wp\/v2\/comments?post=6451"}],"version-history":[{"count":1,"href":"http:\/\/www.plongee-gesma.com\/site\/wp-json\/wp\/v2\/pages\/6451\/revisions"}],"predecessor-version":[{"id":6452,"href":"http:\/\/www.plongee-gesma.com\/site\/wp-json\/wp\/v2\/pages\/6451\/revisions\/6452"}],"wp:attachment":[{"href":"http:\/\/www.plongee-gesma.com\/site\/wp-json\/wp\/v2\/media?parent=6451"}],"wp:term":[{"taxonomy":"category","embeddable":true,"href":"http:\/\/www.plongee-gesma.com\/site\/wp-json\/wp\/v2\/categories?post=6451"},{"taxonomy":"post_tag","embeddable":true,"href":"http:\/\/www.plongee-gesma.com\/site\/wp-json\/wp\/v2\/tags?post=6451"}],"curies":[{"name":"wp","href":"https:\/\/api.w.org\/{rel}","templated":true}]}}